{"id":28,"date":"2020-02-19T17:35:25","date_gmt":"2020-02-19T15:35:25","guid":{"rendered":"https:\/\/joergsader.wordpress.com\/?page_id=28"},"modified":"2024-04-12T16:42:51","modified_gmt":"2024-04-12T14:42:51","slug":"texte","status":"publish","type":"page","link":"https:\/\/joergsader.de\/index.php\/blog-feed\/texte\/","title":{"rendered":"Texte"},"content":{"rendered":"\n<h6 class=\"wp-block-heading has-small-font-size\"><strong>Mit dem Hund<\/strong><\/h6>\n\n\n\n<p class=\"has-small-font-size\"> Gehen, um Ideen zu finden, am Flu\u00df gehen, der Hund vor mir oder hinter mir, die Schiffe auf dem brackigen Wasser, voll\u00ad\u00ad\u00adbe\u00adsetzt zu dieser Zeit, und die Stim\u00admen der Reisef\u00fch\u00adrer, von Laut\u00adsprechern ver\u00ad\u00adst\u00e4rkt. Gehen bis zur Hansabr\u00fccke, so\u00addann zu\u00adr\u00fcck zum Wul\u00adlen\u00ad\u00ad\u00adwe\u00adber\u00ad\u00adsteg und der Niederlas\u00adsung von VW auf der Frank\u00ad\u00ad\u00ad\u00ad\u00adlin\u00adstra\u00ad\u00dfe, dort die Br\u00fccke \u00fcberqueren  \u2026<br><em><a href=\"https:\/\/www.joergsader.de\/index.php\/texte\/mit-dem-hund\/\">weiterlesen<\/a><\/em><\/p>\n\n\n\n<p><\/p>\n\n\n\n<p><\/p>\n\n\n\n<h6 class=\"wp-block-heading has-small-font-size\"><strong>Der Gang durchs Tor<\/strong><\/h6>\n\n\n\n<p class=\"has-small-font-size\">Stabhochspringer sein, unsichtbares Wesen oder fliegen k\u00f6n\u00adnen die kurze Strecke, den H\u00e4nden der Engel zu, den Unan\u00adsprech\u00adba\u00adren da \u00fcber der Stadt. W\u00fcr\u00adden sie hohnlachen, ihre Kr\u00e4fte ein\u00ad\u00adziehen, entsetzt auffahren, oder verf\u00fchrte sie der lin\u00adki\u00adsche Vor\u00ad\u00ad\u00adsto\u00df, Un\u00adterst\u00fctzung zu gew\u00e4hren, eine den Blicken der Fas\u00adsungslosen ent\u00adge\u00adhen\u00adde, das Hin\u00adder\u00adnis leicht wie eine Fe\u00adder \u00fcber\u00ad\u00ad\u00adwin\u00ad\u00adden\u00adde, doch wie die Spuren der Engel lesen und wo, nach welchem Alphabet.<em> <a href=\"https:\/\/www.joergsader.de\/index.php\/texte\/der-gang-durchs-tor\/\">weiterlesen<\/a><\/em><\/p>\n\n\n\n<p><\/p>\n\n\n\n<h6 class=\"wp-block-heading has-small-font-size\"><\/h6>\n\n\n\n<p><\/p>\n\n\n\n<p class=\"has-small-font-size\"><strong>Bleib<\/strong><\/p>\n\n\n\n<p class=\"has-small-font-size\">\u201cAber ja, sie ist es. Es ist deine Zelle \u2026\u201d<\/p>\n\n\n\n<p class=\"has-small-font-size\">Tr\u00e4ume ich? Spricht da jemand? Erschrocken hebt Tul\u00admer den Kopf. Er sp\u00fcrt, wie ihm hei\u00df wird, und dann diese Schwere, ei\u00adn Druck, als um\u00adklam\u00admere ihn etwas und presse fei\u00adne Nadeln auf Arme und Brust. Nein, unm\u00f6g\u00adlich! Aber das Pochen im Hals? Eine T\u00e4u\u00ad\u00ad\u00adschung, nichts wei\u00adter, da ist nichts\u2026 Lang\u00adsam wende\u00adt er sich zur T\u00fcr. Und doch! Jemand mu\u00df mir auf den G\u00e4n\u00adgen ge\u00adfolgt sein, je\u00admand, der sich hier aus\u00adkennt im Bau \u2026 und mich be\u00adobachtet \u2026 von ir\u00adgend\u00adwo, aus den Zellen auf der anderen Sei\u00adte des Gangs. <em><a href=\"https:\/\/www.joergsader.de\/index.php\/texte\/textseite-4\/\">Weiterlesen<\/a><\/em><\/p>\n\n\n\n<p><\/p>\n\n\n\n<p><\/p>\n\n\n\n<p class=\"has-small-font-size\"><\/p>\n\n\n\n<h6 class=\"wp-block-heading has-small-font-size\"><strong>La malvolta<\/strong><\/h6>\n\n\n\n<p class=\"has-small-font-size\"> Den Abend \u00fcber hatte er Angenehmes ge\u00adsagt, wohl flie\u00ad\u00dfen\u00adde, sich anschmiegende Worte, und sie geschickt auf meine Ge\u00adh\u00f6r\u00ad\u00adg\u00e4nge ge\u00adtr\u00e4u\u00ad\u00ad\u00adfelt, ab\u00adge\u00adwo\u00adgen, leidenschaftlich nicht gerade, aber unverbindlich auch nicht. Wir sa\u00ad\u00dfen an der Bar, Lothar Kar\u00adberg und ich und tran\u00adken Wodka, und ich vermutete, wa\u00adrum, wei\u00df ich nicht, da\u00df es seine Absicht war, mich unter den Tisch zu trin\u00adken. <a href=\"https:\/\/www.joergsader.de\/index.php\/texte\/la-malvolta\/\">W<em>eiterlesen:<\/em><\/a><\/p>\n\n\n\n<p><\/p>\n\n\n\n<p class=\"has-small-font-size\"><\/p>\n\n\n\n<p class=\"has-small-font-size\"><strong>Stimmen, fern, kaum<\/strong><\/p>\n\n\n\n<p class=\"has-small-font-size\">Nach dem H\u00f6henkamm diese eine Sekunde. Mit einem Mal ist T. hell\u00adwach, als ob es etwas Neues g\u00e4\u00adbe hinter den blauen W\u00e4l\u00addern, nie\u00admals Gese\u00adhe\u00adnes, und seltsam erregt. Eine Zeit\u00adsper\u00adre, die ich passiere, eine Schleu\u00ad\u00adse, denkt er. Obwohl, die Gren\u00ad\u00adze wird hier bald \u00fcber\u00adwach\u00adsen sein, von beiden Sei\u00adten \u00fcber\u00adwu\u00adchert und endlich ver\u00ad\u00adschwun\u00adden f\u00fcr im\u00admer. Die alte Gren\u00adze!<em>  <\/em><a href=\"https:\/\/www.joergsader.de\/index.php\/stimmen-fern-kaum\/\"><em>Weite<\/em>r<em>lesen:<\/em><\/a><\/p>\n\n\n\n<p><\/p>\n\n\n\n<p class=\"has-small-font-size\"><strong>Anf\u00e4nge<\/strong><\/p>\n\n\n\n<p class=\"has-small-font-size\"> Klar war der Morgen und die Sonne noch hart bedr\u00e4ngt vom Schatten \u00fcber dem Kopf\u00adsteinpfla\u00adster, aber schon voller Kraft an den nackten Kinderbeinen, als der Tod, wie aus un\u00aderkl\u00e4rlichen R\u00e4u\u00admen niederfahrend, an die Gesten der Menschen r\u00fchrte und die bunte Frische er\u00adstarren lie\u00df.  <em><a href=\"https:\/\/www.joergsader.de\/index.php\/anfaenge\/\">Weiterlesen<\/a><\/em><\/p>\n\n\n\n<p><\/p>\n\n\n\n<p class=\"has-small-font-size\"><strong>Wie sie sind<\/strong> <\/p>\n\n\n\n<p class=\"has-small-font-size\">Montag und Strecker reagierten sofort auf das merkw\u00fcrdige Ge\u00ad\u00adsche\u00adhen, w\u00e4h\u00adrend Vogler zu\u00adn\u00e4chst ruhig blieb und gelassen und versuchte, Informationen zu bekommen, Aufkl\u00e4rung ir\u00adgend\u00ad\u00ad\u00adeiner Art. Ein warmer Augusttag war es, als pl\u00f6tzlich die Er\u00adde zu beben schien, Fenster schlu\u00ad\u00adgen und etwas Un\u00adge\u00ad\u00adheu\u00ader\u00adliches geschah, eine unbe\u00adschreib\u00ad\u00ad\u00adli\u00adche, v\u00f6l\u00adlig unbe\u00adkann\u00adte Kraft, die die Allee zu uns hin\u00adaufrollte und vor sich her schob, was nicht niet und nagelfest war \u2026  <a href=\"https:\/\/www.joergsader.de\/index.php\/blog-feed\/texte\/wie-sie-sind\/\">Weiterlesen<\/a><\/p>\n\n\n\n<p><\/p>\n","protected":false},"excerpt":{"rendered":"<p>Mit dem Hund Gehen, um Ideen zu finden, am Flu\u00df gehen, der Hund vor mir oder hinter mir, die Schiffe auf dem brackigen Wasser, voll\u00ad\u00ad\u00adbe\u00adsetzt zu dieser Zeit, und die Stim\u00admen der Reisef\u00fch\u00adrer, von Laut\u00adsprechern ver\u00ad\u00adst\u00e4rkt. Gehen bis zur Hansabr\u00fccke, so\u00addann zu\u00adr\u00fcck zum Wul\u00adlen\u00ad\u00ad\u00adwe\u00adber\u00ad\u00adsteg und der Niederlas\u00adsung von VW auf der Frank\u00ad\u00ad\u00ad\u00ad\u00adlin\u00adstra\u00ad\u00dfe, dort die Br\u00fccke &hellip; <\/p>\n<p class=\"link-more\"><a href=\"https:\/\/joergsader.de\/index.php\/blog-feed\/texte\/\" class=\"more-link\"><span class=\"screen-reader-text\">\u201eTexte\u201c<\/span> weiterlesen<\/a><\/p>\n","protected":false},"author":1,"featured_media":0,"parent":7,"menu_order":0,"comment_status":"closed","ping_status":"closed","template":"","meta":{"footnotes":""},"class_list":["post-28","page","type-page","status-publish","hentry"],"_links":{"self":[{"href":"https:\/\/joergsader.de\/index.php\/wp-json\/wp\/v2\/pages\/28","targetHints":{"allow":["GET"]}}],"collection":[{"href":"https:\/\/joergsader.de\/index.php\/wp-json\/wp\/v2\/pages"}],"about":[{"href":"https:\/\/joergsader.de\/index.php\/wp-json\/wp\/v2\/types\/page"}],"author":[{"embeddable":true,"href":"https:\/\/joergsader.de\/index.php\/wp-json\/wp\/v2\/users\/1"}],"replies":[{"embeddable":true,"href":"https:\/\/joergsader.de\/index.php\/wp-json\/wp\/v2\/comments?post=28"}],"version-history":[{"count":53,"href":"https:\/\/joergsader.de\/index.php\/wp-json\/wp\/v2\/pages\/28\/revisions"}],"predecessor-version":[{"id":814,"href":"https:\/\/joergsader.de\/index.php\/wp-json\/wp\/v2\/pages\/28\/revisions\/814"}],"up":[{"embeddable":true,"href":"https:\/\/joergsader.de\/index.php\/wp-json\/wp\/v2\/pages\/7"}],"wp:attachment":[{"href":"https:\/\/joergsader.de\/index.php\/wp-json\/wp\/v2\/media?parent=28"}],"curies":[{"name":"wp","href":"https:\/\/api.w.org\/{rel}","templated":true}]}}