{"id":32,"date":"2020-02-19T17:37:21","date_gmt":"2020-02-19T15:37:21","guid":{"rendered":"https:\/\/joergsader.wordpress.com\/?page_id=32"},"modified":"2025-12-06T15:58:13","modified_gmt":"2025-12-06T14:58:13","slug":"bucher","status":"publish","type":"page","link":"https:\/\/joergsader.de\/index.php\/bucher\/","title":{"rendered":"B\u00fccher"},"content":{"rendered":"\n<figure class=\"wp-block-image size-large is-resized\"><img loading=\"lazy\" decoding=\"async\" width=\"220\" height=\"343\" src=\"https:\/\/www.joergsader.de\/wp-content\/uploads\/2020\/03\/csm_3826011325_966d324ba2.jpg\" alt=\"\" class=\"wp-image-256\" srcset=\"https:\/\/joergsader.de\/wp-content\/uploads\/2020\/03\/csm_3826011325_966d324ba2.jpg 220w, https:\/\/joergsader.de\/wp-content\/uploads\/2020\/03\/csm_3826011325_966d324ba2-192x300.jpg 192w\" sizes=\"auto, (max-width: 220px) 100vw, 220px\" \/><\/figure>\n\n\n\n<p class=\"has-small-font-size\"><strong>Im Bauche des Leviathan<\/strong>. Tagebuch und Maskerade<br>Anmerkungen zu Ernst J\u00fcngers &#8222;Strahlungen&#8220; (1939\u20131948),<br>Dissertation [1996]<\/p>\n\n\n\n<figure class=\"wp-block-image size-large is-resized\"><img loading=\"lazy\" decoding=\"async\" width=\"684\" height=\"1024\" src=\"https:\/\/www.joergsader.de\/wp-content\/uploads\/2024\/01\/IMG_1156-2-1-684x1024.jpg\" alt=\"\" class=\"wp-image-760\" style=\"width:159px;height:auto\" srcset=\"https:\/\/joergsader.de\/wp-content\/uploads\/2024\/01\/IMG_1156-2-1-684x1024.jpg 684w, https:\/\/joergsader.de\/wp-content\/uploads\/2024\/01\/IMG_1156-2-1-201x300.jpg 201w, https:\/\/joergsader.de\/wp-content\/uploads\/2024\/01\/IMG_1156-2-1-768x1149.jpg 768w, https:\/\/joergsader.de\/wp-content\/uploads\/2024\/01\/IMG_1156-2-1-1027x1536.jpg 1027w, https:\/\/joergsader.de\/wp-content\/uploads\/2024\/01\/IMG_1156-2-1.jpg 1298w\" sizes=\"auto, (max-width: 684px) 100vw, 684px\" \/><\/figure>\n\n\n\n<h2 class=\"wp-block-heading has-small-font-size\"><strong>\u00dcberschreitungen<\/strong><\/h2>\n\n\n\n<p class=\"has-small-font-size\">Dialoge zwisch en Literatur- und Theaterwissenschaft,<br>Architektur und Bildender Kunst<br>Festschrift f\u00fcr Leonhard M. Fiedler<br>[2002; hg. mit Anette W\u00f6rner]<\/p>\n\n\n\n<div class=\"wp-block-group\"><div class=\"wp-block-group__inner-container is-layout-constrained wp-block-group-is-layout-constrained\">\n<p><\/p>\n<\/div><\/div>\n\n\n\n<figure class=\"wp-block-image size-full is-resized\"><img loading=\"lazy\" decoding=\"async\" width=\"439\" height=\"627\" src=\"https:\/\/www.joergsader.de\/wp-content\/uploads\/2020\/03\/buchcover5_sader-1.jpg\" alt=\"\" class=\"wp-image-262\" style=\"width:157px;height:auto\" srcset=\"https:\/\/joergsader.de\/wp-content\/uploads\/2020\/03\/buchcover5_sader-1.jpg 439w, https:\/\/joergsader.de\/wp-content\/uploads\/2020\/03\/buchcover5_sader-1-210x300.jpg 210w\" sizes=\"auto, (max-width: 439px) 100vw, 439px\" \/><\/figure>\n\n\n\n<p class=\"has-small-font-size\"><strong>Unter Tage,<\/strong> Erz\u00e4hlungen [2010]<\/p>\n\n\n\n<figure class=\"wp-block-image is-resized\"><img decoding=\"async\" src=\"https:\/\/www.joergsader.de\/wp-content\/uploads\/2020\/03\/buchcover_sader2_a.jpg\" alt=\"Dieses Bild hat ein leeres Alt-Attribut. Der Dateiname ist buchcover_sader2_a.jpg\" style=\"width:157px;height:auto\"\/><\/figure>\n\n\n\n<p class=\"has-small-font-size\"><strong>Bilder und Lekt\u00fcren<\/strong>, Essays und Reden [2012]<\/p>\n\n\n\n<figure class=\"wp-block-image size-large is-resized\"><img loading=\"lazy\" decoding=\"async\" width=\"652\" height=\"1000\" src=\"https:\/\/www.joergsader.de\/wp-content\/uploads\/2020\/03\/phpThumb.jpg\" alt=\"\" class=\"wp-image-264\" style=\"width:158px;height:242px\" srcset=\"https:\/\/joergsader.de\/wp-content\/uploads\/2020\/03\/phpThumb.jpg 652w, https:\/\/joergsader.de\/wp-content\/uploads\/2020\/03\/phpThumb-196x300.jpg 196w\" sizes=\"auto, (max-width: 652px) 100vw, 652px\" \/><\/figure>\n\n\n\n<p class=\"has-small-font-size\"><strong>Alba, Liebste<\/strong>, Erz\u00e4hlungen [2018]<\/p>\n\n\n\n<figure class=\"wp-block-image size-large is-resized\"><img loading=\"lazy\" decoding=\"async\" width=\"695\" height=\"1024\" src=\"https:\/\/www.joergsader.de\/wp-content\/uploads\/2020\/03\/Ba\u0308ume-XXX_nutzen-695x1024.jpg\" alt=\"\" class=\"wp-image-268\" style=\"width:167px;height:245px\" srcset=\"https:\/\/joergsader.de\/wp-content\/uploads\/2020\/03\/Ba\u0308ume-XXX_nutzen-695x1024.jpg 695w, https:\/\/joergsader.de\/wp-content\/uploads\/2020\/03\/Ba\u0308ume-XXX_nutzen-204x300.jpg 204w, https:\/\/joergsader.de\/wp-content\/uploads\/2020\/03\/Ba\u0308ume-XXX_nutzen-768x1131.jpg 768w, https:\/\/joergsader.de\/wp-content\/uploads\/2020\/03\/Ba\u0308ume-XXX_nutzen-1043x1536.jpg 1043w, https:\/\/joergsader.de\/wp-content\/uploads\/2020\/03\/Ba\u0308ume-XXX_nutzen.jpg 1293w\" sizes=\"auto, (max-width: 695px) 100vw, 695px\" \/><\/figure>\n\n\n\n<p class=\"has-small-font-size\"><strong>B\u00e4ume<\/strong>, K\u00fcnstlermappe, Privatdruck [2019]<\/p>\n\n\n\n<p><\/p>\n\n\n\n<figure class=\"wp-block-image size-full is-resized\"><img loading=\"lazy\" decoding=\"async\" width=\"623\" height=\"1024\" src=\"https:\/\/www.joergsader.de\/wp-content\/uploads\/2024\/02\/image.jpeg\" alt=\"Dieses Bild hat ein leeres Alt-Attribut. Der Dateiname ist Joerg-Sader-Das-Fluestern-der-Augen-Cover-Kopie-623x1024.jpg\" class=\"wp-image-799\" style=\"width:166px;height:auto\" srcset=\"https:\/\/joergsader.de\/wp-content\/uploads\/2024\/02\/image.jpeg 623w, https:\/\/joergsader.de\/wp-content\/uploads\/2024\/02\/image-183x300.jpeg 183w\" sizes=\"auto, (max-width: 623px) 100vw, 623px\" \/><\/figure>\n\n\n\n<p><\/p>\n\n\n\n<p class=\"has-small-font-size\"><strong>Das Fl\u00fcstern der Augen<\/strong>, Roman (2023)<\/p>\n\n\n\n<p><\/p>\n\n\n\n<div class=\"wp-block-media-text is-stacked-on-mobile is-style-default\" style=\"grid-template-columns:32% auto\"><figure class=\"wp-block-media-text__media\"><img loading=\"lazy\" decoding=\"async\" width=\"631\" height=\"1000\" src=\"https:\/\/www.joergsader.de\/wp-content\/uploads\/2024\/09\/Es-ist-Zeit-lichten-wir-den-Anker-1.jpg\" alt=\"\" class=\"wp-image-873 size-full\" srcset=\"https:\/\/joergsader.de\/wp-content\/uploads\/2024\/09\/Es-ist-Zeit-lichten-wir-den-Anker-1.jpg 631w, https:\/\/joergsader.de\/wp-content\/uploads\/2024\/09\/Es-ist-Zeit-lichten-wir-den-Anker-1-189x300.jpg 189w\" sizes=\"auto, (max-width: 631px) 100vw, 631px\" \/><\/figure><div class=\"wp-block-media-text__content\">\n<p><\/p>\n<\/div><\/div>\n\n\n\n<p><\/p>\n\n\n\n<p><strong>Es ist Zeit, lichten wir den Anker<\/strong> [Notate]<\/p>\n\n\n\n<p>Kul-ja, publishing, Erfurt 2024<\/p>\n\n\n\n<p class=\"has-text-align-left has-small-font-size\"><em>Ver\u00f6ffentlichungen in Kunstkatalogen, Zeitschriften  und als Privatdrucke.<\/em><\/p>\n\n\n\n<p><\/p>\n\n\n\n<div style=\"height:20px\" aria-hidden=\"true\" class=\"wp-block-spacer\"><\/div>\n\n\n\n<p><\/p>\n\n\n\n<p><\/p>\n","protected":false},"excerpt":{"rendered":"<p>Im Bauche des Leviathan. Tagebuch und MaskeradeAnmerkungen zu Ernst J\u00fcngers &#8222;Strahlungen&#8220; (1939\u20131948),Dissertation [1996] \u00dcberschreitungen Dialoge zwisch en Literatur- und Theaterwissenschaft,Architektur und Bildender KunstFestschrift f\u00fcr Leonhard M. Fiedler[2002; hg. mit Anette W\u00f6rner] Unter Tage, Erz\u00e4hlungen [2010] Bilder und Lekt\u00fcren, Essays und Reden [2012] Alba, Liebste, Erz\u00e4hlungen [2018] B\u00e4ume, K\u00fcnstlermappe, Privatdruck [2019] Das Fl\u00fcstern der Augen, Roman &hellip; <\/p>\n<p class=\"link-more\"><a href=\"https:\/\/joergsader.de\/index.php\/bucher\/\" class=\"more-link\"><span class=\"screen-reader-text\">\u201eB\u00fccher\u201c<\/span> weiterlesen<\/a><\/p>\n","protected":false},"author":1,"featured_media":0,"parent":0,"menu_order":0,"comment_status":"closed","ping_status":"closed","template":"","meta":{"footnotes":""},"class_list":["post-32","page","type-page","status-publish","hentry"],"_links":{"self":[{"href":"https:\/\/joergsader.de\/index.php\/wp-json\/wp\/v2\/pages\/32","targetHints":{"allow":["GET"]}}],"collection":[{"href":"https:\/\/joergsader.de\/index.php\/wp-json\/wp\/v2\/pages"}],"about":[{"href":"https:\/\/joergsader.de\/index.php\/wp-json\/wp\/v2\/types\/page"}],"author":[{"embeddable":true,"href":"https:\/\/joergsader.de\/index.php\/wp-json\/wp\/v2\/users\/1"}],"replies":[{"embeddable":true,"href":"https:\/\/joergsader.de\/index.php\/wp-json\/wp\/v2\/comments?post=32"}],"version-history":[{"count":51,"href":"https:\/\/joergsader.de\/index.php\/wp-json\/wp\/v2\/pages\/32\/revisions"}],"predecessor-version":[{"id":952,"href":"https:\/\/joergsader.de\/index.php\/wp-json\/wp\/v2\/pages\/32\/revisions\/952"}],"wp:attachment":[{"href":"https:\/\/joergsader.de\/index.php\/wp-json\/wp\/v2\/media?parent=32"}],"curies":[{"name":"wp","href":"https:\/\/api.w.org\/{rel}","templated":true}]}}